{"id":610,"date":"2023-03-20T09:31:52","date_gmt":"2023-03-20T09:31:52","guid":{"rendered":"https:\/\/www.zorluautomotive.com\/?page_id=610"},"modified":"2024-08-02T11:26:44","modified_gmt":"2024-08-02T11:26:44","slug":"galeri","status":"publish","type":"page","link":"https:\/\/zorluautomotive.com\/index.php\/galeri\/","title":{"rendered":"Galeri"},"content":{"rendered":"\n<figure class=\"wp-block-gallery has-nested-images columns-default is-cropped wp-block-gallery-1 is-layout-flex wp-block-gallery-is-layout-flex\">\n<figure class=\"wp-block-image size-large\"><img loading=\"lazy\" decoding=\"async\" width=\"768\" height=\"1024\" data-id=\"859\" src=\"https:\/\/zorluautomotive.com\/wp-content\/uploads\/2023\/04\/IMG20230316111140-768x1024.jpg\" alt=\"\" class=\"wp-image-859\" srcset=\"https:\/\/zorluautomotive.com\/wp-content\/uploads\/2023\/04\/IMG20230316111140-768x1024.jpg 768w, https:\/\/zorluautomotive.com\/wp-content\/uploads\/2023\/04\/IMG20230316111140-225x300.jpg 225w, https:\/\/zorluautomotive.com\/wp-content\/uploads\/2023\/04\/IMG20230316111140-1152x1536.jpg 1152w, https:\/\/zorluautomotive.com\/wp-content\/uploads\/2023\/04\/IMG20230316111140-1536x2048.jpg 1536w, https:\/\/zorluautomotive.com\/wp-content\/uploads\/2023\/04\/IMG20230316111140-600x800.jpg 600w, https:\/\/zorluautomotive.com\/wp-content\/uploads\/2023\/04\/IMG20230316111140-scaled.jpg 1920w\" sizes=\"auto, (max-width: 768px) 100vw, 768px\" \/><\/figure>\n\n\n\n<figure class=\"wp-block-image size-large\"><img loading=\"lazy\" decoding=\"async\" width=\"770\" height=\"1024\" data-id=\"860\" src=\"https:\/\/zorluautomotive.com\/wp-content\/uploads\/2023\/04\/IMG20230316105431-770x1024.jpg\" alt=\"\" class=\"wp-image-860\" srcset=\"https:\/\/zorluautomotive.com\/wp-content\/uploads\/2023\/04\/IMG20230316105431-770x1024.jpg 770w, https:\/\/zorluautomotive.com\/wp-content\/uploads\/2023\/04\/IMG20230316105431-226x300.jpg 226w, https:\/\/zorluautomotive.com\/wp-content\/uploads\/2023\/04\/IMG20230316105431-768x1021.jpg 768w, https:\/\/zorluautomotive.com\/wp-content\/uploads\/2023\/04\/IMG20230316105431-1155x1536.jpg 1155w, https:\/\/zorluautomotive.com\/wp-content\/uploads\/2023\/04\/IMG20230316105431-1540x2048.jpg 1540w, https:\/\/zorluautomotive.com\/wp-content\/uploads\/2023\/04\/IMG20230316105431-600x798.jpg 600w, https:\/\/zorluautomotive.com\/wp-content\/uploads\/2023\/04\/IMG20230316105431-scaled.jpg 1925w\" sizes=\"auto, (max-width: 770px) 100vw, 770px\" \/><\/figure>\n\n\n\n<figure class=\"wp-block-image size-large\"><img loading=\"lazy\" decoding=\"async\" width=\"770\" height=\"1024\" data-id=\"857\" src=\"https:\/\/zorluautomotive.com\/wp-content\/uploads\/2023\/04\/IMG_20220910_172747-770x1024.jpg\" alt=\"\" class=\"wp-image-857\" srcset=\"https:\/\/zorluautomotive.com\/wp-content\/uploads\/2023\/04\/IMG_20220910_172747-770x1024.jpg 770w, https:\/\/zorluautomotive.com\/wp-content\/uploads\/2023\/04\/IMG_20220910_172747-226x300.jpg 226w, https:\/\/zorluautomotive.com\/wp-content\/uploads\/2023\/04\/IMG_20220910_172747-768x1021.jpg 768w, https:\/\/zorluautomotive.com\/wp-content\/uploads\/2023\/04\/IMG_20220910_172747-1155x1536.jpg 1155w, https:\/\/zorluautomotive.com\/wp-content\/uploads\/2023\/04\/IMG_20220910_172747-1540x2048.jpg 1540w, https:\/\/zorluautomotive.com\/wp-content\/uploads\/2023\/04\/IMG_20220910_172747-600x798.jpg 600w, https:\/\/zorluautomotive.com\/wp-content\/uploads\/2023\/04\/IMG_20220910_172747-scaled.jpg 1925w\" sizes=\"auto, (max-width: 770px) 100vw, 770px\" \/><\/figure>\n\n\n\n<figure class=\"wp-block-image size-large\"><img loading=\"lazy\" decoding=\"async\" width=\"768\" height=\"1024\" data-id=\"858\" src=\"https:\/\/zorluautomotive.com\/wp-content\/uploads\/2023\/04\/IMG_20220910_173538-768x1024.jpg\" alt=\"\" class=\"wp-image-858\" srcset=\"https:\/\/zorluautomotive.com\/wp-content\/uploads\/2023\/04\/IMG_20220910_173538-768x1024.jpg 768w, https:\/\/zorluautomotive.com\/wp-content\/uploads\/2023\/04\/IMG_20220910_173538-225x300.jpg 225w, https:\/\/zorluautomotive.com\/wp-content\/uploads\/2023\/04\/IMG_20220910_173538-1152x1536.jpg 1152w, https:\/\/zorluautomotive.com\/wp-content\/uploads\/2023\/04\/IMG_20220910_173538-1536x2048.jpg 1536w, https:\/\/zorluautomotive.com\/wp-content\/uploads\/2023\/04\/IMG_20220910_173538-600x800.jpg 600w, https:\/\/zorluautomotive.com\/wp-content\/uploads\/2023\/04\/IMG_20220910_173538-scaled.jpg 1920w\" sizes=\"auto, (max-width: 768px) 100vw, 768px\" \/><\/figure>\n\n\n\n<figure class=\"wp-block-image size-large\"><img loading=\"lazy\" decoding=\"async\" width=\"559\" height=\"1024\" data-id=\"661\" src=\"https:\/\/zorluautomotive.com\/wp-content\/uploads\/2023\/03\/clio-559x1024.jpg\" alt=\"\" class=\"wp-image-661\" srcset=\"https:\/\/zorluautomotive.com\/wp-content\/uploads\/2023\/03\/clio-559x1024.jpg 559w, https:\/\/zorluautomotive.com\/wp-content\/uploads\/2023\/03\/clio-164x300.jpg 164w, https:\/\/zorluautomotive.com\/wp-content\/uploads\/2023\/03\/clio-768x1408.jpg 768w, https:\/\/zorluautomotive.com\/wp-content\/uploads\/2023\/03\/clio-838x1536.jpg 838w, https:\/\/zorluautomotive.com\/wp-content\/uploads\/2023\/03\/clio-600x1100.jpg 600w, https:\/\/zorluautomotive.com\/wp-content\/uploads\/2023\/03\/clio.jpg 1080w\" sizes=\"auto, (max-width: 559px) 100vw, 559px\" \/><\/figure>\n\n\n\n<figure class=\"wp-block-image size-large\"><img loading=\"lazy\" decoding=\"async\" width=\"559\" height=\"1024\" data-id=\"656\" src=\"https:\/\/zorluautomotive.com\/wp-content\/uploads\/2023\/03\/connect-559x1024.jpg\" alt=\"\" class=\"wp-image-656\" srcset=\"https:\/\/zorluautomotive.com\/wp-content\/uploads\/2023\/03\/connect-559x1024.jpg 559w, https:\/\/zorluautomotive.com\/wp-content\/uploads\/2023\/03\/connect-164x300.jpg 164w, https:\/\/zorluautomotive.com\/wp-content\/uploads\/2023\/03\/connect-768x1408.jpg 768w, https:\/\/zorluautomotive.com\/wp-content\/uploads\/2023\/03\/connect-838x1536.jpg 838w, https:\/\/zorluautomotive.com\/wp-content\/uploads\/2023\/03\/connect-600x1100.jpg 600w, https:\/\/zorluautomotive.com\/wp-content\/uploads\/2023\/03\/connect.jpg 1080w\" sizes=\"auto, (max-width: 559px) 100vw, 559px\" \/><\/figure>\n\n\n\n<figure class=\"wp-block-image size-large\"><img loading=\"lazy\" decoding=\"async\" width=\"576\" height=\"1024\" data-id=\"658\" src=\"https:\/\/zorluautomotive.com\/wp-content\/uploads\/2023\/03\/IMG_20230105_150623-576x1024.jpg\" alt=\"\" class=\"wp-image-658\" srcset=\"https:\/\/zorluautomotive.com\/wp-content\/uploads\/2023\/03\/IMG_20230105_150623-576x1024.jpg 576w, https:\/\/zorluautomotive.com\/wp-content\/uploads\/2023\/03\/IMG_20230105_150623-169x300.jpg 169w, https:\/\/zorluautomotive.com\/wp-content\/uploads\/2023\/03\/IMG_20230105_150623-768x1365.jpg 768w, https:\/\/zorluautomotive.com\/wp-content\/uploads\/2023\/03\/IMG_20230105_150623-864x1536.jpg 864w, https:\/\/zorluautomotive.com\/wp-content\/uploads\/2023\/03\/IMG_20230105_150623-1152x2048.jpg 1152w, https:\/\/zorluautomotive.com\/wp-content\/uploads\/2023\/03\/IMG_20230105_150623-600x1067.jpg 600w, https:\/\/zorluautomotive.com\/wp-content\/uploads\/2023\/03\/IMG_20230105_150623-scaled.jpg 1440w\" sizes=\"auto, (max-width: 576px) 100vw, 576px\" \/><\/figure>\n\n\n\n<figure class=\"wp-block-image size-large\"><img loading=\"lazy\" decoding=\"async\" width=\"576\" height=\"1024\" data-id=\"660\" src=\"https:\/\/zorluautomotive.com\/wp-content\/uploads\/2023\/03\/IMG_20230105_153710-576x1024.jpg\" alt=\"\" class=\"wp-image-660\" srcset=\"https:\/\/zorluautomotive.com\/wp-content\/uploads\/2023\/03\/IMG_20230105_153710-576x1024.jpg 576w, https:\/\/zorluautomotive.com\/wp-content\/uploads\/2023\/03\/IMG_20230105_153710-169x300.jpg 169w, https:\/\/zorluautomotive.com\/wp-content\/uploads\/2023\/03\/IMG_20230105_153710-768x1365.jpg 768w, https:\/\/zorluautomotive.com\/wp-content\/uploads\/2023\/03\/IMG_20230105_153710-864x1536.jpg 864w, https:\/\/zorluautomotive.com\/wp-content\/uploads\/2023\/03\/IMG_20230105_153710-1152x2048.jpg 1152w, https:\/\/zorluautomotive.com\/wp-content\/uploads\/2023\/03\/IMG_20230105_153710-600x1067.jpg 600w, https:\/\/zorluautomotive.com\/wp-content\/uploads\/2023\/03\/IMG_20230105_153710-scaled.jpg 1440w\" sizes=\"auto, (max-width: 576px) 100vw, 576px\" \/><\/figure>\n\n\n\n<figure class=\"wp-block-image size-large\"><img loading=\"lazy\" decoding=\"async\" width=\"650\" height=\"1024\" data-id=\"852\" src=\"https:\/\/zorluautomotive.com\/wp-content\/uploads\/2023\/04\/IMG_20230105_162816-scaled-e1680335800420-650x1024.jpg\" alt=\"\" class=\"wp-image-852\" srcset=\"https:\/\/zorluautomotive.com\/wp-content\/uploads\/2023\/04\/IMG_20230105_162816-scaled-e1680335800420-650x1024.jpg 650w, https:\/\/zorluautomotive.com\/wp-content\/uploads\/2023\/04\/IMG_20230105_162816-scaled-e1680335800420-190x300.jpg 190w, https:\/\/zorluautomotive.com\/wp-content\/uploads\/2023\/04\/IMG_20230105_162816-scaled-e1680335800420-768x1210.jpg 768w, https:\/\/zorluautomotive.com\/wp-content\/uploads\/2023\/04\/IMG_20230105_162816-scaled-e1680335800420-975x1536.jpg 975w, https:\/\/zorluautomotive.com\/wp-content\/uploads\/2023\/04\/IMG_20230105_162816-scaled-e1680335800420-600x946.jpg 600w, https:\/\/zorluautomotive.com\/wp-content\/uploads\/2023\/04\/IMG_20230105_162816-scaled-e1680335800420.jpg 1222w\" sizes=\"auto, (max-width: 650px) 100vw, 650px\" \/><\/figure>\n\n\n\n<figure class=\"wp-block-image size-large\"><img loading=\"lazy\" decoding=\"async\" width=\"559\" height=\"1024\" data-id=\"662\" src=\"https:\/\/zorluautomotive.com\/wp-content\/uploads\/2023\/03\/passat-559x1024.jpg\" alt=\"\" class=\"wp-image-662\" srcset=\"https:\/\/zorluautomotive.com\/wp-content\/uploads\/2023\/03\/passat-559x1024.jpg 559w, https:\/\/zorluautomotive.com\/wp-content\/uploads\/2023\/03\/passat-164x300.jpg 164w, https:\/\/zorluautomotive.com\/wp-content\/uploads\/2023\/03\/passat-768x1408.jpg 768w, https:\/\/zorluautomotive.com\/wp-content\/uploads\/2023\/03\/passat-838x1536.jpg 838w, https:\/\/zorluautomotive.com\/wp-content\/uploads\/2023\/03\/passat-600x1100.jpg 600w, https:\/\/zorluautomotive.com\/wp-content\/uploads\/2023\/03\/passat.jpg 1080w\" sizes=\"auto, (max-width: 559px) 100vw, 559px\" \/><\/figure>\n\n\n\n<figure class=\"wp-block-image size-large\"><img loading=\"lazy\" decoding=\"async\" width=\"768\" height=\"1024\" data-id=\"855\" src=\"https:\/\/zorluautomotive.com\/wp-content\/uploads\/2023\/04\/IMG20220413133731-768x1024.jpg\" alt=\"\" class=\"wp-image-855\" srcset=\"https:\/\/zorluautomotive.com\/wp-content\/uploads\/2023\/04\/IMG20220413133731-768x1024.jpg 768w, https:\/\/zorluautomotive.com\/wp-content\/uploads\/2023\/04\/IMG20220413133731-225x300.jpg 225w, https:\/\/zorluautomotive.com\/wp-content\/uploads\/2023\/04\/IMG20220413133731-1152x1536.jpg 1152w, https:\/\/zorluautomotive.com\/wp-content\/uploads\/2023\/04\/IMG20220413133731-1536x2048.jpg 1536w, https:\/\/zorluautomotive.com\/wp-content\/uploads\/2023\/04\/IMG20220413133731-600x800.jpg 600w, https:\/\/zorluautomotive.com\/wp-content\/uploads\/2023\/04\/IMG20220413133731-scaled.jpg 1920w\" sizes=\"auto, (max-width: 768px) 100vw, 768px\" \/><\/figure>\n\n\n\n<figure class=\"wp-block-image size-large\"><img loading=\"lazy\" decoding=\"async\" width=\"768\" height=\"1024\" data-id=\"856\" src=\"https:\/\/zorluautomotive.com\/wp-content\/uploads\/2023\/04\/IMG_20220419_075432-768x1024.jpg\" alt=\"\" class=\"wp-image-856\" srcset=\"https:\/\/zorluautomotive.com\/wp-content\/uploads\/2023\/04\/IMG_20220419_075432-768x1024.jpg 768w, https:\/\/zorluautomotive.com\/wp-content\/uploads\/2023\/04\/IMG_20220419_075432-225x300.jpg 225w, https:\/\/zorluautomotive.com\/wp-content\/uploads\/2023\/04\/IMG_20220419_075432-1152x1536.jpg 1152w, https:\/\/zorluautomotive.com\/wp-content\/uploads\/2023\/04\/IMG_20220419_075432-1536x2048.jpg 1536w, https:\/\/zorluautomotive.com\/wp-content\/uploads\/2023\/04\/IMG_20220419_075432-600x800.jpg 600w, https:\/\/zorluautomotive.com\/wp-content\/uploads\/2023\/04\/IMG_20220419_075432-scaled.jpg 1920w\" sizes=\"auto, (max-width: 768px) 100vw, 768px\" \/><\/figure>\n<\/figure>\n\n\n\n<figure class=\"wp-block-embed is-type-video is-provider-youtube wp-block-embed-youtube wp-embed-aspect-4-3 wp-has-aspect-ratio\"><div class=\"wp-block-embed__wrapper\">\n<iframe loading=\"lazy\" title=\"Profesyonel D\u00f6\u015feme Onar\u0131m ve Revizyon Hizmetleri\" width=\"750\" height=\"563\" src=\"https:\/\/www.youtube.com\/embed\/-EjY0zCIQ5U?feature=oembed\" frameborder=\"0\" allow=\"accelerometer; autoplay; clipboard-write; encrypted-media; gyroscope; picture-in-picture; web-share\" referrerpolicy=\"strict-origin-when-cross-origin\" allowfullscreen><\/iframe>\n<\/div><\/figure>\n\n\n\n<figure class=\"wp-block-embed is-type-video is-provider-youtube wp-block-embed-youtube wp-embed-aspect-4-3 wp-has-aspect-ratio\"><div class=\"wp-block-embed__wrapper\">\n<iframe loading=\"lazy\" title=\"Profesyonel D\u00f6\u015feme Onar\u0131m ve Restorasyon Hizmetleri\" width=\"750\" height=\"563\" src=\"https:\/\/www.youtube.com\/embed\/gAUlA_53x7s?feature=oembed\" frameborder=\"0\" allow=\"accelerometer; autoplay; clipboard-write; encrypted-media; gyroscope; picture-in-picture; web-share\" referrerpolicy=\"strict-origin-when-cross-origin\" allowfullscreen><\/iframe>\n<\/div><\/figure>\n\n\n\n<figure class=\"wp-block-embed is-type-video is-provider-youtube wp-block-embed-youtube wp-embed-aspect-4-3 wp-has-aspect-ratio\"><div class=\"wp-block-embed__wrapper\">\n<iframe loading=\"lazy\" title=\"Jawohl Professional Zorlu Automotive www.zorluautomotive.com\" width=\"750\" height=\"563\" src=\"https:\/\/www.youtube.com\/embed\/nShgUO5CVWo?feature=oembed\" frameborder=\"0\" allow=\"accelerometer; autoplay; clipboard-write; encrypted-media; gyroscope; picture-in-picture; web-share\" referrerpolicy=\"strict-origin-when-cross-origin\" allowfullscreen><\/iframe>\n<\/div><\/figure>\n\n\n\n<figure class=\"wp-block-embed is-type-video is-provider-youtube wp-block-embed-youtube wp-embed-aspect-4-3 wp-has-aspect-ratio\"><div class=\"wp-block-embed__wrapper\">\n<iframe loading=\"lazy\" title=\"Profesyonel D\u00f6\u015feme Onar\u0131m ve Restorasyon Hizmetleri\" width=\"750\" height=\"563\" src=\"https:\/\/www.youtube.com\/embed\/aMuz13f8Czw?feature=oembed\" frameborder=\"0\" allow=\"accelerometer; autoplay; clipboard-write; encrypted-media; gyroscope; picture-in-picture; web-share\" referrerpolicy=\"strict-origin-when-cross-origin\" allowfullscreen><\/iframe>\n<\/div><\/figure>\n\n\n\n<figure class=\"wp-block-embed is-type-video is-provider-youtube wp-block-embed-youtube wp-embed-aspect-16-9 wp-has-aspect-ratio\"><div class=\"wp-block-embed__wrapper\">\n<iframe loading=\"lazy\" title=\"Zorlu Automotive - Profesyonel Deri Direksiyon Onar\u0131m\u0131\" width=\"750\" height=\"422\" src=\"https:\/\/www.youtube.com\/embed\/P2IImkEwK5c?feature=oembed\" frameborder=\"0\" allow=\"accelerometer; autoplay; clipboard-write; encrypted-media; gyroscope; picture-in-picture; web-share\" referrerpolicy=\"strict-origin-when-cross-origin\" allowfullscreen><\/iframe>\n<\/div><\/figure>\n\n\n\n<figure class=\"wp-block-embed is-type-video is-provider-youtube wp-block-embed-youtube wp-embed-aspect-4-3 wp-has-aspect-ratio\"><div class=\"wp-block-embed__wrapper\">\n<iframe loading=\"lazy\" title=\"Profesyonel D\u00f6\u015feme Onar\u0131m ve Restorasyon Hizmetleri\" width=\"750\" height=\"563\" src=\"https:\/\/www.youtube.com\/embed\/tfVkTUng-Cc?feature=oembed\" frameborder=\"0\" allow=\"accelerometer; autoplay; clipboard-write; encrypted-media; gyroscope; picture-in-picture; web-share\" referrerpolicy=\"strict-origin-when-cross-origin\" allowfullscreen><\/iframe>\n<\/div><\/figure>\n","protected":false},"excerpt":{"rendered":"","protected":false},"author":1,"featured_media":0,"parent":0,"menu_order":0,"comment_status":"closed","ping_status":"closed","template":"","meta":{"om_disable_all_campaigns":false,"footnotes":""},"class_list":["post-610","page","type-page","status-publish","hentry"],"aioseo_notices":[],"_links":{"self":[{"href":"https:\/\/zorluautomotive.com\/index.php\/wp-json\/wp\/v2\/pages\/610","targetHints":{"allow":["GET"]}}],"collection":[{"href":"https:\/\/zorluautomotive.com\/index.php\/wp-json\/wp\/v2\/pages"}],"about":[{"href":"https:\/\/zorluautomotive.com\/index.php\/wp-json\/wp\/v2\/types\/page"}],"author":[{"embeddable":true,"href":"https:\/\/zorluautomotive.com\/index.php\/wp-json\/wp\/v2\/users\/1"}],"replies":[{"embeddable":true,"href":"https:\/\/zorluautomotive.com\/index.php\/wp-json\/wp\/v2\/comments?post=610"}],"version-history":[{"count":0,"href":"https:\/\/zorluautomotive.com\/index.php\/wp-json\/wp\/v2\/pages\/610\/revisions"}],"wp:attachment":[{"href":"https:\/\/zorluautomotive.com\/index.php\/wp-json\/wp\/v2\/media?parent=610"}],"curies":[{"name":"wp","href":"https:\/\/api.w.org\/{rel}","templated":true}]}}