{"id":613,"date":"2023-03-20T09:34:19","date_gmt":"2023-03-20T09:34:19","guid":{"rendered":"https:\/\/www.zorluautomotive.com\/?page_id=613"},"modified":"2025-06-02T14:44:19","modified_gmt":"2025-06-02T11:44:19","slug":"iletisim","status":"publish","type":"page","link":"https:\/\/zorluautomotive.com\/index.php\/iletisim\/","title":{"rendered":"\u0130leti\u015fim"},"content":{"rendered":"\n<p class=\"has-medium-font-size\"><strong><em>Zorlu Automotive &#8211; JawohL<\/em><\/strong><\/p>\n\n\n\n<hr class=\"wp-block-separator has-alpha-channel-opacity is-style-wide\"\/>\n\n\n\n<p><strong>Adres :<\/strong> K\u00fc\u00e7\u00fckbakkalk\u00f6y Mahallesi Ba\u015f\u00f6\u011fretmen Caddesi Geziciler Sokak No : 8 Ata\u015fehir \/ \u0130stanbul<\/p>\n\n\n\n<p><strong>Ofis  : 0216 469 41 26<\/strong><\/p>\n\n\n\n<p><strong>Gsm : 0533 516 45 46<\/strong><\/p>\n\n\n\n<p>Mail : <a href=\"mailto:info@zorluautomotive.com\" target=\"_blank\" rel=\"noreferrer noopener\">info@zorluautomotive.com<\/a><\/p>\n\n\n\n<p>\n<iframe src=\"https:\/\/www.google.com\/maps\/embed?pb=!1m18!1m12!1m3!1d188.2473187540515!2d29.11505206610338!3d40.98242021409458!2m3!1f0!2f0!3f0!3m2!1i1024!2i768!4f13.1!3m3!1m2!1s0x14cac72300253123%3A0xfd7a9b33f01bbc7b!2sZorlu%20Automotive%20-%20JAWOHL%20Turkiye!5e0!3m2!1str!2str!4v1679342467036!5m2!1str!2str\" width=\"400\" height=\"300\" style=\"border:0;\" allowfullscreen=\"\" loading=\"lazy\" referrerpolicy=\"no-referrer-when-downgrade\"><\/iframe>\n<\/p>\n","protected":false},"excerpt":{"rendered":"<p>Zorlu Automotive &#8211; JawohL Adres : K\u00fc\u00e7\u00fckbakkalk\u00f6y Mahallesi Ba\u015f\u00f6\u011fretmen Caddesi Geziciler Sokak No : 8 Ata\u015fehir \/ \u0130stanbul Ofis : 0216 469 41 26 Gsm : 0533 516 45 46 Mail : info@zorluautomotive.com<\/p>\n","protected":false},"author":1,"featured_media":0,"parent":0,"menu_order":0,"comment_status":"closed","ping_status":"closed","template":"","meta":{"om_disable_all_campaigns":false,"footnotes":""},"class_list":["post-613","page","type-page","status-publish","hentry"],"aioseo_notices":[],"_links":{"self":[{"href":"https:\/\/zorluautomotive.com\/index.php\/wp-json\/wp\/v2\/pages\/613","targetHints":{"allow":["GET"]}}],"collection":[{"href":"https:\/\/zorluautomotive.com\/index.php\/wp-json\/wp\/v2\/pages"}],"about":[{"href":"https:\/\/zorluautomotive.com\/index.php\/wp-json\/wp\/v2\/types\/page"}],"author":[{"embeddable":true,"href":"https:\/\/zorluautomotive.com\/index.php\/wp-json\/wp\/v2\/users\/1"}],"replies":[{"embeddable":true,"href":"https:\/\/zorluautomotive.com\/index.php\/wp-json\/wp\/v2\/comments?post=613"}],"version-history":[{"count":0,"href":"https:\/\/zorluautomotive.com\/index.php\/wp-json\/wp\/v2\/pages\/613\/revisions"}],"wp:attachment":[{"href":"https:\/\/zorluautomotive.com\/index.php\/wp-json\/wp\/v2\/media?parent=613"}],"curies":[{"name":"wp","href":"https:\/\/api.w.org\/{rel}","templated":true}]}}