{"id":618,"date":"2023-03-20T09:36:11","date_gmt":"2023-03-20T09:36:11","guid":{"rendered":"https:\/\/www.zorluautomotive.com\/?page_id=618"},"modified":"2024-08-02T11:55:22","modified_gmt":"2024-08-02T11:55:22","slug":"sigara-yanik-tamiri","status":"publish","type":"page","link":"https:\/\/zorluautomotive.com\/index.php\/sigara-yanik-tamiri\/","title":{"rendered":"Sigara Yan\u0131k Tamiri"},"content":{"rendered":"\n<p class=\"has-text-align-left\">       Ara\u00e7larda , ofis ve ev d\u00f6\u015femelerinde kuma\u015f ve deri y\u00fczeylerde sigara veya benzeri t\u00fct\u00fcn mam\u00fcllerinin kullan\u0131m\u0131 neticesinde istem d\u0131\u015f\u0131 meydana gelen ya da zaman ve kullan\u0131m fakt\u00f6rleri nedenleri ile olu\u015fan y\u0131pranmalar\u0131 profesyonel uzman kadromuz ve \u00f6zel geli\u015ftirdi\u011fimiz \u00fcr\u00fcn ve ekipmanlar\u0131m\u0131z ile eski g\u00f6r\u00fcnt\u00fclerine kavu\u015fturuyoruz.<\/p>\n\n\n\n<p class=\"has-text-align-left\">       2012 y\u0131l\u0131nda \u00e7al\u0131\u015fmalar\u0131na ba\u015flad\u0131\u011f\u0131m\u0131z ve ar-ge \u00e7al\u0131\u015fmalar\u0131 neticesinde \u00f6zel teknikler geli\u015ftirilerek ve t\u00fcm d\u00f6\u015feme yap\u0131lar\u0131na uyumlu \u00fcr\u00fcnler kullan\u0131larak yapm\u0131\u015f oldu\u011fumuz profesyonel onar\u0131m i\u015flemleri ile T\u00fcrkiye&#8217;nin sekt\u00f6r lideri , T\u00fcrk Patent ve Marka Kurumu taraf\u0131ndan Marka Tescilli , Kurumsal tek firmas\u0131 olarak \u0130stanbul Ata\u015fehir&#8217;de hizmet vermekteyiz.<\/p>\n\n\n\n<p class=\"has-text-align-left\">       \u0130\u015flemlerin ve kullan\u0131lan \u00fcr\u00fcnlerin sa\u011fl\u0131kl\u0131 sonu\u00e7 vermesi ad\u0131na kapal\u0131 ortamlarda yap\u0131lmas\u0131 gereken bu onar\u0131m i\u015flemleri , siz de\u011ferli konuklar\u0131m\u0131z istirahat edip kahvenizi i\u00e7erken kapal\u0131 servis ortam\u0131m\u0131zda hassasiyet ve \u00f6zenle yap\u0131lmaktad\u0131r.Yapt\u0131\u011f\u0131m\u0131z i\u015flemler ve b\u00fcnyemizde sat\u0131\u015fa sunulan t\u00fcm \u00fcr\u00fcn ve ekipmanlar\u0131m\u0131z firmam\u0131z garantisi alt\u0131ndad\u0131r.<\/p>\n\n\n\n<p class=\"has-text-align-left\">Kendine yeni bir i\u015f kurmak veya ek gelir elde etmek isteyen giri\u015fimci ve yeniliklere a\u00e7\u0131k herkes , firmam\u0131zdan bayilik talebinde bulunabilir , \u00f6zel olarak farkl\u0131 yap\u0131larda ve t\u00fcm d\u00f6\u015feme yap\u0131lar\u0131na uyumlu \u00fcr\u00fcn yelpazelerine sahip \u00f6zenle haz\u0131rlad\u0131\u011f\u0131m\u0131z D\u00f6\u015feme Tamir Setlerimizden sat\u0131n alabilir , teknik ekibimiz taraf\u0131ndan \u00f6zel haz\u0131rlanan e\u011fitim ve uygulama videolar\u0131 ile k\u0131sa zamanda \u00e7al\u0131\u015fmalar\u0131n\u0131za ve  kazan\u00e7 elde etmeye ba\u015flayabilirisiniz.<\/p>\n\n\n\n<p><\/p>\n\n\n\n<p><\/p>\n\n\n\n<figure class=\"wp-block-image aligncenter size-large is-resized\"><img loading=\"lazy\" decoding=\"async\" width=\"725\" height=\"1024\" src=\"https:\/\/zorluautomotive.com\/wp-content\/uploads\/2023\/03\/tescil-belgesi-725x1024.jpg\" alt=\"\" class=\"wp-image-745\" style=\"width:391px;height:552px\" srcset=\"https:\/\/zorluautomotive.com\/wp-content\/uploads\/2023\/03\/tescil-belgesi-725x1024.jpg 725w, https:\/\/zorluautomotive.com\/wp-content\/uploads\/2023\/03\/tescil-belgesi-212x300.jpg 212w, https:\/\/zorluautomotive.com\/wp-content\/uploads\/2023\/03\/tescil-belgesi-768x1085.jpg 768w, https:\/\/zorluautomotive.com\/wp-content\/uploads\/2023\/03\/tescil-belgesi-1087x1536.jpg 1087w, https:\/\/zorluautomotive.com\/wp-content\/uploads\/2023\/03\/tescil-belgesi-600x848.jpg 600w, https:\/\/zorluautomotive.com\/wp-content\/uploads\/2023\/03\/tescil-belgesi.jpg 1241w\" sizes=\"auto, (max-width: 725px) 100vw, 725px\" \/><\/figure>\n\n\n\n<figure class=\"wp-block-embed is-type-video is-provider-youtube wp-block-embed-youtube wp-embed-aspect-4-3 wp-has-aspect-ratio\"><div class=\"wp-block-embed__wrapper\">\n<iframe loading=\"lazy\" title=\"Profesyonel D\u00f6\u015feme Onar\u0131m ve Restorasyon Hizmetleri\" width=\"750\" height=\"563\" src=\"https:\/\/www.youtube.com\/embed\/TQmoVlVFCSc?feature=oembed\" frameborder=\"0\" allow=\"accelerometer; autoplay; clipboard-write; encrypted-media; gyroscope; picture-in-picture; web-share\" referrerpolicy=\"strict-origin-when-cross-origin\" allowfullscreen><\/iframe>\n<\/div><\/figure>\n","protected":false},"excerpt":{"rendered":"<p>Ara\u00e7larda , ofis ve ev d\u00f6\u015femelerinde kuma\u015f ve deri y\u00fczeylerde sigara veya benzeri t\u00fct\u00fcn mam\u00fcllerinin kullan\u0131m\u0131 neticesinde istem d\u0131\u015f\u0131 meydana gelen ya da zaman ve kullan\u0131m fakt\u00f6rleri nedenleri ile olu\u015fan y\u0131pranmalar\u0131 profesyonel uzman kadromuz ve \u00f6zel geli\u015ftirdi\u011fimiz \u00fcr\u00fcn ve ekipmanlar\u0131m\u0131z<\/p>\n","protected":false},"author":1,"featured_media":0,"parent":0,"menu_order":0,"comment_status":"closed","ping_status":"closed","template":"","meta":{"om_disable_all_campaigns":false,"footnotes":""},"class_list":["post-618","page","type-page","status-publish","hentry"],"aioseo_notices":[],"_links":{"self":[{"href":"https:\/\/zorluautomotive.com\/index.php\/wp-json\/wp\/v2\/pages\/618","targetHints":{"allow":["GET"]}}],"collection":[{"href":"https:\/\/zorluautomotive.com\/index.php\/wp-json\/wp\/v2\/pages"}],"about":[{"href":"https:\/\/zorluautomotive.com\/index.php\/wp-json\/wp\/v2\/types\/page"}],"author":[{"embeddable":true,"href":"https:\/\/zorluautomotive.com\/index.php\/wp-json\/wp\/v2\/users\/1"}],"replies":[{"embeddable":true,"href":"https:\/\/zorluautomotive.com\/index.php\/wp-json\/wp\/v2\/comments?post=618"}],"version-history":[{"count":0,"href":"https:\/\/zorluautomotive.com\/index.php\/wp-json\/wp\/v2\/pages\/618\/revisions"}],"wp:attachment":[{"href":"https:\/\/zorluautomotive.com\/index.php\/wp-json\/wp\/v2\/media?parent=618"}],"curies":[{"name":"wp","href":"https:\/\/api.w.org\/{rel}","templated":true}]}}