{"id":620,"date":"2023-03-20T09:37:35","date_gmt":"2023-03-20T09:37:35","guid":{"rendered":"https:\/\/www.zorluautomotive.com\/?page_id=620"},"modified":"2023-03-20T16:27:14","modified_gmt":"2023-03-20T16:27:14","slug":"oto-elektrik-ve-elektromekanik","status":"publish","type":"page","link":"https:\/\/zorluautomotive.com\/index.php\/oto-elektrik-ve-elektromekanik\/","title":{"rendered":"Oto Elektrik ve Elektromekanik"},"content":{"rendered":"\n<p>1974 y\u0131l\u0131nda oto elektrik bran\u015f\u0131 ile kurulan firmam\u0131z , g\u00fcn\u00fcm\u00fczde geli\u015fen teknoloji ve geli\u015fme g\u00f6steren otomotiv sekt\u00f6r\u00fcnde t\u00fcm altyap\u0131 gereksinimleri, \u00fcr\u00fcn ve ekipman \u00e7e\u015fitlili\u011fi ile yerini alm\u0131\u015f ve hizmetlerine devam etmektedir.<\/p>\n\n\n\n<p>T\u00fcm marka ve model ara\u00e7lar\u0131n elektrik , elektronik ar\u0131za tespitleri , onar\u0131m i\u015flemleri , muayene \u00f6ncesi haz\u0131rl\u0131k ve kontrolleri , multimedya sistemlerinin montaj ve yap\u0131land\u0131r\u0131lmas\u0131 ve daha bir\u00e7ok i\u015flem uzman kadromuz ile hassasiyet \u00e7ervesinde en d\u00fc\u015f\u00fck maliyetler ile yap\u0131lmaktad\u0131r.<\/p>\n\n\n\n<p><\/p>\n\n\n\n<figure class=\"wp-block-image size-full\"><img loading=\"lazy\" decoding=\"async\" width=\"976\" height=\"653\" src=\"https:\/\/zorluautomotive.com\/wp-content\/uploads\/2023\/03\/oto-elektrik-976x653-1.jpg\" alt=\"\" class=\"wp-image-672\" srcset=\"https:\/\/zorluautomotive.com\/wp-content\/uploads\/2023\/03\/oto-elektrik-976x653-1.jpg 976w, https:\/\/zorluautomotive.com\/wp-content\/uploads\/2023\/03\/oto-elektrik-976x653-1-300x201.jpg 300w, https:\/\/zorluautomotive.com\/wp-content\/uploads\/2023\/03\/oto-elektrik-976x653-1-768x514.jpg 768w, https:\/\/zorluautomotive.com\/wp-content\/uploads\/2023\/03\/oto-elektrik-976x653-1-600x401.jpg 600w\" sizes=\"auto, (max-width: 976px) 100vw, 976px\" \/><\/figure>\n","protected":false},"excerpt":{"rendered":"<p>1974 y\u0131l\u0131nda oto elektrik bran\u015f\u0131 ile kurulan firmam\u0131z , g\u00fcn\u00fcm\u00fczde geli\u015fen teknoloji ve geli\u015fme g\u00f6steren otomotiv sekt\u00f6r\u00fcnde t\u00fcm altyap\u0131 gereksinimleri, \u00fcr\u00fcn ve ekipman \u00e7e\u015fitlili\u011fi ile yerini alm\u0131\u015f ve hizmetlerine devam etmektedir. T\u00fcm marka ve model ara\u00e7lar\u0131n elektrik , elektronik ar\u0131za<\/p>\n","protected":false},"author":1,"featured_media":0,"parent":0,"menu_order":0,"comment_status":"closed","ping_status":"closed","template":"","meta":{"om_disable_all_campaigns":false,"footnotes":""},"class_list":["post-620","page","type-page","status-publish","hentry"],"aioseo_notices":[],"_links":{"self":[{"href":"https:\/\/zorluautomotive.com\/index.php\/wp-json\/wp\/v2\/pages\/620","targetHints":{"allow":["GET"]}}],"collection":[{"href":"https:\/\/zorluautomotive.com\/index.php\/wp-json\/wp\/v2\/pages"}],"about":[{"href":"https:\/\/zorluautomotive.com\/index.php\/wp-json\/wp\/v2\/types\/page"}],"author":[{"embeddable":true,"href":"https:\/\/zorluautomotive.com\/index.php\/wp-json\/wp\/v2\/users\/1"}],"replies":[{"embeddable":true,"href":"https:\/\/zorluautomotive.com\/index.php\/wp-json\/wp\/v2\/comments?post=620"}],"version-history":[{"count":0,"href":"https:\/\/zorluautomotive.com\/index.php\/wp-json\/wp\/v2\/pages\/620\/revisions"}],"wp:attachment":[{"href":"https:\/\/zorluautomotive.com\/index.php\/wp-json\/wp\/v2\/media?parent=620"}],"curies":[{"name":"wp","href":"https:\/\/api.w.org\/{rel}","templated":true}]}}