{"id":668,"date":"2023-03-20T15:43:16","date_gmt":"2023-03-20T15:43:16","guid":{"rendered":"https:\/\/www.zorluautomotive.com\/?page_id=668"},"modified":"2023-03-20T17:17:49","modified_gmt":"2023-03-20T17:17:49","slug":"hakkimizda","status":"publish","type":"page","link":"https:\/\/zorluautomotive.com\/index.php\/hakkimizda\/","title":{"rendered":"Hakk\u0131m\u0131zda"},"content":{"rendered":"\n<p>           Firmam\u0131z , 1974 y\u0131l\u0131nda \u0130stanbul Bostanc\u0131&#8217;da oto elektrik , bak\u0131m ve onar\u0131m faaliyetleri ile hizmet vermeye ba\u015flam\u0131\u015ft\u0131r. 2008 y\u0131l\u0131 itibari ile geli\u015fen teknoloji ve otomotiv sekt\u00f6r\u00fcndeki ihtiya\u00e7lar dahilinde Ara\u00e7 Takip ve Filo Y\u00f6netim Sistemleri bran\u015f\u0131nda T\u00fcrkiye&#8217;nin ileri gelen teknoloji firmalar\u0131ndan Tracker Euro&#8217;nun \u0130stanbul ana bayii konumunda sat\u0131\u015f ve teknik servis hizmetlerine ba\u015flam\u0131\u015ft\u0131r. <\/p>\n\n\n\n<p>           2012 y\u0131l\u0131 itibari ile ara\u00e7 kullan\u0131c\u0131lar\u0131n\u0131n en b\u00fcy\u00fck problemlerinden biri olan , d\u00f6\u015femelerde meydana gelen t\u00fct\u00fcn ve benzeri maddelerin kullan\u0131m\u0131 ile olu\u015fan yan\u0131klar\u0131n ve deformelerin onar\u0131m\u0131 konusunda altyap\u0131 \u00e7al\u0131\u015fmalar\u0131 ve \u00fcr\u00fcn geli\u015ftirmeleri yap\u0131larak , JAWOHL tescilli markam\u0131z ile T\u00fcrkiye&#8217;nin ilk ve tek patentli kurumsal firmas\u0131 olarak sekt\u00f6r\u00fcnde profesyonel \u00e7al\u0131\u015fmalar\u0131m\u0131za ba\u015flayarak bug\u00fcn t\u00fcm T\u00fcrkiye geneli ve yurtd\u0131\u015f\u0131na \u00fcr\u00fcn ve ekipman sa\u011flayan k\u00f6kl\u00fc bir yap\u0131 haline gelmi\u015f bulunmaktay\u0131z. Kaliteli hizmet anlay\u0131\u015f\u0131 ve m\u00fc\u015fteri memnuniyetini ilk s\u0131rada ilke edinmi\u015f olarak hizmetlerimize \u0130stanbul Ata\u015fehir&#8217;de devam etmekteyiz. Uzman ekibimiz , 48 y\u0131ll\u0131k birikim ve yeniliklere a\u00e7\u0131k m\u00fc\u015fteri odakl\u0131 vizyonumuz ile sizleri a\u011f\u0131rlamaktan mutluluk duyar\u0131z.<\/p>\n\n\n\n<p><\/p>\n\n\n\n<p>Sayg\u0131lar\u0131m\u0131zla..<\/p>\n\n\n\n<p>G\u00f6khan ZORLU<\/p>\n\n\n\n<p>Genel M\u00fcd\u00fcr<\/p>\n","protected":false},"excerpt":{"rendered":"<p>Firmam\u0131z , 1974 y\u0131l\u0131nda \u0130stanbul Bostanc\u0131&#8217;da oto elektrik , bak\u0131m ve onar\u0131m faaliyetleri ile hizmet vermeye ba\u015flam\u0131\u015ft\u0131r. 2008 y\u0131l\u0131 itibari ile geli\u015fen teknoloji ve otomotiv sekt\u00f6r\u00fcndeki ihtiya\u00e7lar dahilinde Ara\u00e7 Takip ve Filo Y\u00f6netim Sistemleri bran\u015f\u0131nda T\u00fcrkiye&#8217;nin ileri gelen teknoloji firmalar\u0131ndan<\/p>\n","protected":false},"author":1,"featured_media":0,"parent":0,"menu_order":0,"comment_status":"closed","ping_status":"closed","template":"","meta":{"om_disable_all_campaigns":false,"footnotes":""},"class_list":["post-668","page","type-page","status-publish","hentry"],"aioseo_notices":[],"_links":{"self":[{"href":"https:\/\/zorluautomotive.com\/index.php\/wp-json\/wp\/v2\/pages\/668","targetHints":{"allow":["GET"]}}],"collection":[{"href":"https:\/\/zorluautomotive.com\/index.php\/wp-json\/wp\/v2\/pages"}],"about":[{"href":"https:\/\/zorluautomotive.com\/index.php\/wp-json\/wp\/v2\/types\/page"}],"author":[{"embeddable":true,"href":"https:\/\/zorluautomotive.com\/index.php\/wp-json\/wp\/v2\/users\/1"}],"replies":[{"embeddable":true,"href":"https:\/\/zorluautomotive.com\/index.php\/wp-json\/wp\/v2\/comments?post=668"}],"version-history":[{"count":0,"href":"https:\/\/zorluautomotive.com\/index.php\/wp-json\/wp\/v2\/pages\/668\/revisions"}],"wp:attachment":[{"href":"https:\/\/zorluautomotive.com\/index.php\/wp-json\/wp\/v2\/media?parent=668"}],"curies":[{"name":"wp","href":"https:\/\/api.w.org\/{rel}","templated":true}]}}