{"id":991,"date":"2024-06-25T09:46:42","date_gmt":"2024-06-25T09:46:42","guid":{"rendered":"https:\/\/www.zorluautomotive.com\/?page_id=991"},"modified":"2024-07-11T07:32:13","modified_gmt":"2024-07-11T07:32:13","slug":"deri-direksiyon-revizyon-ve-boyama","status":"publish","type":"page","link":"https:\/\/zorluautomotive.com\/index.php\/deri-direksiyon-revizyon-ve-boyama\/","title":{"rendered":"Deri Direksiyon Revizyon ve Boyama"},"content":{"rendered":"\n<p>Deri direksiyonlarda zamanla meydana gelen y\u0131pranmalar olmaktad\u0131r. B\u00fcnyemizde bu konuda profesyonel anlamda hizmet vermekteyiz. Direksiyonunuzun profesyonel ekibimiz ile arac\u0131n\u0131z\u0131dan s\u00f6kme i\u015flemi yap\u0131lmaktad\u0131r. Sonras\u0131nda patentli \u00fcr\u00fcnlerimiz ile 5 a\u015famal\u0131 i\u015flemlerden ge\u00e7erek at\u00f6lye ortam\u0131nda tabanca sistemi ile restorasyon ve boyama i\u015flemleri ger\u00e7ekle\u015fmektedir. Son olarak t\u00fcm i\u015flemler bitti\u011finide direksiyonunuzun belii bir s\u00fcre dinlendikten sonra araca montaj\u0131 yap\u0131lmaktad\u0131r. Bu i\u015flemlerden sonra art\u0131k arac\u0131n\u0131z\u0131n direksiyonu s\u0131f\u0131rlanm\u0131\u015f yeni bir g\u00f6r\u00fcn\u00fcme sahip olacakt\u0131r. <\/p>\n\n\n\n<figure class=\"wp-block-image size-large\"><img loading=\"lazy\" decoding=\"async\" width=\"1024\" height=\"576\" src=\"https:\/\/zorluautomotive.com\/wp-content\/uploads\/2024\/07\/direksiyon-boyama-1024x576.jpg\" alt=\"\" class=\"wp-image-1014\" srcset=\"https:\/\/zorluautomotive.com\/wp-content\/uploads\/2024\/07\/direksiyon-boyama-1024x576.jpg 1024w, https:\/\/zorluautomotive.com\/wp-content\/uploads\/2024\/07\/direksiyon-boyama-300x169.jpg 300w, https:\/\/zorluautomotive.com\/wp-content\/uploads\/2024\/07\/direksiyon-boyama-768x432.jpg 768w, https:\/\/zorluautomotive.com\/wp-content\/uploads\/2024\/07\/direksiyon-boyama-1536x864.jpg 1536w, https:\/\/zorluautomotive.com\/wp-content\/uploads\/2024\/07\/direksiyon-boyama-600x338.jpg 600w, https:\/\/zorluautomotive.com\/wp-content\/uploads\/2024\/07\/direksiyon-boyama.jpg 1920w\" sizes=\"auto, (max-width: 1024px) 100vw, 1024px\" \/><\/figure>\n\n\n\n<figure class=\"wp-block-embed is-type-video is-provider-youtube wp-block-embed-youtube wp-embed-aspect-4-3 wp-has-aspect-ratio\"><div class=\"wp-block-embed__wrapper\">\n<iframe loading=\"lazy\" title=\"Profesyonel D\u00f6\u015feme Onar\u0131m ve Revizyon Hizmetleri\" width=\"750\" height=\"563\" src=\"https:\/\/www.youtube.com\/embed\/oZirU8syiXs?feature=oembed\" frameborder=\"0\" allow=\"accelerometer; autoplay; clipboard-write; encrypted-media; gyroscope; picture-in-picture; web-share\" referrerpolicy=\"strict-origin-when-cross-origin\" allowfullscreen><\/iframe>\n<\/div><\/figure>\n","protected":false},"excerpt":{"rendered":"<p>Deri direksiyonlarda zamanla meydana gelen y\u0131pranmalar olmaktad\u0131r. B\u00fcnyemizde bu konuda profesyonel anlamda hizmet vermekteyiz. Direksiyonunuzun profesyonel ekibimiz ile arac\u0131n\u0131z\u0131dan s\u00f6kme i\u015flemi yap\u0131lmaktad\u0131r. Sonras\u0131nda patentli \u00fcr\u00fcnlerimiz ile 5 a\u015famal\u0131 i\u015flemlerden ge\u00e7erek at\u00f6lye ortam\u0131nda tabanca sistemi ile restorasyon ve boyama i\u015flemleri ger\u00e7ekle\u015fmektedir.<\/p>\n","protected":false},"author":1,"featured_media":0,"parent":0,"menu_order":0,"comment_status":"closed","ping_status":"closed","template":"","meta":{"om_disable_all_campaigns":false,"footnotes":""},"class_list":["post-991","page","type-page","status-publish","hentry"],"aioseo_notices":[],"_links":{"self":[{"href":"https:\/\/zorluautomotive.com\/index.php\/wp-json\/wp\/v2\/pages\/991","targetHints":{"allow":["GET"]}}],"collection":[{"href":"https:\/\/zorluautomotive.com\/index.php\/wp-json\/wp\/v2\/pages"}],"about":[{"href":"https:\/\/zorluautomotive.com\/index.php\/wp-json\/wp\/v2\/types\/page"}],"author":[{"embeddable":true,"href":"https:\/\/zorluautomotive.com\/index.php\/wp-json\/wp\/v2\/users\/1"}],"replies":[{"embeddable":true,"href":"https:\/\/zorluautomotive.com\/index.php\/wp-json\/wp\/v2\/comments?post=991"}],"version-history":[{"count":0,"href":"https:\/\/zorluautomotive.com\/index.php\/wp-json\/wp\/v2\/pages\/991\/revisions"}],"wp:attachment":[{"href":"https:\/\/zorluautomotive.com\/index.php\/wp-json\/wp\/v2\/media?parent=991"}],"curies":[{"name":"wp","href":"https:\/\/api.w.org\/{rel}","templated":true}]}}