{"id":993,"date":"2024-06-25T09:47:10","date_gmt":"2024-06-25T09:47:10","guid":{"rendered":"https:\/\/www.zorluautomotive.com\/?page_id=993"},"modified":"2024-08-02T11:36:41","modified_gmt":"2024-08-02T11:36:41","slug":"deri-doseme-onarimi","status":"publish","type":"page","link":"https:\/\/zorluautomotive.com\/index.php\/deri-doseme-onarimi\/","title":{"rendered":"Deri D\u00f6\u015feme Onar\u0131m\u0131"},"content":{"rendered":"\n<p>Deri D\u00f6\u015femelerde kullan\u0131mdan dolay\u0131 deformeler \u00e7atlamalar ve sertle\u015fmeler olabilmektedir. B\u00fcnyemizde bu sorunlarla ilgili profesyonel ekibimizle \u00e7\u00f6z\u00fcm sa\u011flamaktay\u0131z.  D\u00f6\u015femenizde olu\u015fan hasarlar ile ilgili \u00f6ncelikle bir fizibilte \u00e7al\u0131\u015fmas\u0131 yap\u0131lmaktad\u0131r. Sonras\u0131nda onar\u0131ma elveri\u015fli ise gerekli onar\u0131m s\u00fcreci ba\u015flamaktad\u0131r. Bu s\u00fcre\u00e7 1 koltukta 2 ile 3 g\u00fcn i\u00e7erisinde tamamlanmaktad\u0131r. 5 a\u015famal\u0131 i\u015flem uygulanmaktad\u0131r. Y\u00fczeyin i\u015fleme haz\u0131r edilmesi, dolgu i\u015flemleri yap\u0131lmas\u0131 sonras\u0131nda en az 4 kat boya i\u015flemi yap\u0131lmas\u0131, estra g\u00fcnceldiriciler kullan\u0131lmas\u0131 ve son olarak sabitleme i\u015flemleri ger\u00e7ekle\u015fmektedir. Bu i\u015flemlerden sonra arac\u0131n\u0131z\u0131n d\u00f6\u015femesi yeni bir g\u00f6r\u00fcn\u00fcme sahip olmaktad\u0131r.   <\/p>\n\n\n\n<figure class=\"wp-block-image aligncenter size-large\"><img loading=\"lazy\" decoding=\"async\" width=\"1024\" height=\"743\" src=\"https:\/\/zorluautomotive.com\/wp-content\/uploads\/2024\/08\/BMW-1024x743.jpg\" alt=\"BMW\" class=\"wp-image-1035\" srcset=\"https:\/\/zorluautomotive.com\/wp-content\/uploads\/2024\/08\/BMW-1024x743.jpg 1024w, https:\/\/zorluautomotive.com\/wp-content\/uploads\/2024\/08\/BMW-300x218.jpg 300w, https:\/\/zorluautomotive.com\/wp-content\/uploads\/2024\/08\/BMW-768x558.jpg 768w, https:\/\/zorluautomotive.com\/wp-content\/uploads\/2024\/08\/BMW-600x436.jpg 600w, https:\/\/zorluautomotive.com\/wp-content\/uploads\/2024\/08\/BMW.jpg 1467w\" sizes=\"auto, (max-width: 1024px) 100vw, 1024px\" \/><\/figure>\n\n\n\n<figure class=\"wp-block-embed is-type-video is-provider-youtube wp-block-embed-youtube wp-embed-aspect-4-3 wp-has-aspect-ratio\"><div class=\"wp-block-embed__wrapper\">\n<iframe loading=\"lazy\" title=\"Profesyonel D\u00f6\u015feme Onar\u0131m ve Restorasyon Hizmetleri\" width=\"750\" height=\"563\" src=\"https:\/\/www.youtube.com\/embed\/tfVkTUng-Cc?feature=oembed\" frameborder=\"0\" allow=\"accelerometer; autoplay; clipboard-write; encrypted-media; gyroscope; picture-in-picture; web-share\" referrerpolicy=\"strict-origin-when-cross-origin\" allowfullscreen><\/iframe>\n<\/div><\/figure>\n","protected":false},"excerpt":{"rendered":"<p>Deri D\u00f6\u015femelerde kullan\u0131mdan dolay\u0131 deformeler \u00e7atlamalar ve sertle\u015fmeler olabilmektedir. B\u00fcnyemizde bu sorunlarla ilgili profesyonel ekibimizle \u00e7\u00f6z\u00fcm sa\u011flamaktay\u0131z. D\u00f6\u015femenizde olu\u015fan hasarlar ile ilgili \u00f6ncelikle bir fizibilte \u00e7al\u0131\u015fmas\u0131 yap\u0131lmaktad\u0131r. Sonras\u0131nda onar\u0131ma elveri\u015fli ise gerekli onar\u0131m s\u00fcreci ba\u015flamaktad\u0131r. Bu s\u00fcre\u00e7 1 koltukta 2<\/p>\n","protected":false},"author":1,"featured_media":0,"parent":0,"menu_order":0,"comment_status":"closed","ping_status":"closed","template":"","meta":{"om_disable_all_campaigns":false,"footnotes":""},"class_list":["post-993","page","type-page","status-publish","hentry"],"aioseo_notices":[],"_links":{"self":[{"href":"https:\/\/zorluautomotive.com\/index.php\/wp-json\/wp\/v2\/pages\/993","targetHints":{"allow":["GET"]}}],"collection":[{"href":"https:\/\/zorluautomotive.com\/index.php\/wp-json\/wp\/v2\/pages"}],"about":[{"href":"https:\/\/zorluautomotive.com\/index.php\/wp-json\/wp\/v2\/types\/page"}],"author":[{"embeddable":true,"href":"https:\/\/zorluautomotive.com\/index.php\/wp-json\/wp\/v2\/users\/1"}],"replies":[{"embeddable":true,"href":"https:\/\/zorluautomotive.com\/index.php\/wp-json\/wp\/v2\/comments?post=993"}],"version-history":[{"count":0,"href":"https:\/\/zorluautomotive.com\/index.php\/wp-json\/wp\/v2\/pages\/993\/revisions"}],"wp:attachment":[{"href":"https:\/\/zorluautomotive.com\/index.php\/wp-json\/wp\/v2\/media?parent=993"}],"curies":[{"name":"wp","href":"https:\/\/api.w.org\/{rel}","templated":true}]}}