{"id":565,"date":"2023-03-19T21:23:27","date_gmt":"2023-03-19T21:23:27","guid":{"rendered":"https:\/\/www.zorluautomotive.com\/?post_type=product&#038;p=565"},"modified":"2025-09-28T14:38:16","modified_gmt":"2025-09-28T11:38:16","slug":"jawohl-deri-doseme-tamir-seti","status":"publish","type":"product","link":"https:\/\/zorluautomotive.com\/index.php\/urun\/jawohl-deri-doseme-tamir-seti\/","title":{"rendered":"Jawohl Deri D\u00f6\u015feme ve Direksiyon Genel Onar\u0131m ve Boyama Seti"},"content":{"rendered":"<p>\u26aa 8 adet 100 cc t\u00fcm marka ve model ara\u00e7 , ev , ofis d\u00f6\u015femelerine uyumlu \u00f6zel olarak haz\u0131rlanm\u0131\u015f deri boyas\u0131 renk t\u00fcpleri.<br \/>\n\u26aa 1 adet profesyonel servis \u00e7antas\u0131.<br \/>\n\u26aa 5 li plastik spatula seti.<br \/>\n\u26aa 3 l\u00fc rulo boya s\u00fcngeri.<br \/>\n\u26aa 4 l\u00fc ah\u015fap sapl\u0131 patpat boya s\u00fcngeri.<br \/>\n\u26aa 1 adet boya s\u00fcngeri<br \/>\n\u26aa 1 adet 100 cc boya \u00f6ncesi temizlik losyonu<br \/>\n\u26aa 1 adet 100 cc boya sonras\u0131 sabitleme losyonu<br \/>\n\u26aa 1 adet 100 cc deri bak\u0131m losyonu<br \/>\n\u26aa 1 adet 50 cc deri dolgu macunu.<br \/>\n\u26aa 3 adet macun s\u00fcrme kart\u0131.<br \/>\n\u26aa 2 adet abeslang spatula.<br \/>\n\u26aa 1 adet elastik boyama s\u00fcngeri<br \/>\n\u26aa 1 adet deri y\u00fczey z\u0131mparas\u0131<\/p>\n<p>&nbsp;<\/p>\n<p>Set al\u0131mlar\u0131nda ekibimiz taraf\u0131ndan haz\u0131rlanan e\u011fitim ve uygulama videolar\u0131 g\u00f6nderilmektedir.<br \/>\nAyr\u0131ca destek almak istedi\u011finiz durumlarda bizi arayabilir WhatsApp \u00fczerinden g\u00f6r\u00fcnt\u00fcl\u00fc canl\u0131 yard\u0131m alabilirsiniz.<br \/>\nT\u00fcrkiye&#8217;nin Marka Tescilli Patentli Tek Kurumsal Firmas\u0131 olarak hizmet vermekteyiz.<br \/>\nT\u00fcm hizmetlerimiz ve \u00fcr\u00fcnlerimiz Garantilidir.<br \/>\nOtomotiv ve Teknoloji sekt\u00f6r\u00fcnde 50 y\u0131ld\u0131r aktif olarak hizmet veriyoruz.<\/p>\n","protected":false},"excerpt":{"rendered":"<p style=\"padding-left: 40px;\">JAWOHL Deri D\u00f6\u015feme ve Direksiyon Genel Onar\u0131m ve Boyama Seti<\/p>\n","protected":false},"featured_media":1153,"template":"","meta":{"om_disable_all_campaigns":false},"product_brand":[],"product_cat":[15],"product_tag":[],"class_list":{"0":"post-565","1":"product","2":"type-product","3":"status-publish","4":"has-post-thumbnail","6":"product_cat-genel","8":"first","9":"instock","10":"taxable","11":"shipping-taxable","12":"product-type-simple"},"aioseo_notices":[],"_links":{"self":[{"href":"https:\/\/zorluautomotive.com\/index.php\/wp-json\/wp\/v2\/product\/565","targetHints":{"allow":["GET"]}}],"collection":[{"href":"https:\/\/zorluautomotive.com\/index.php\/wp-json\/wp\/v2\/product"}],"about":[{"href":"https:\/\/zorluautomotive.com\/index.php\/wp-json\/wp\/v2\/types\/product"}],"wp:featuredmedia":[{"embeddable":true,"href":"https:\/\/zorluautomotive.com\/index.php\/wp-json\/wp\/v2\/media\/1153"}],"wp:attachment":[{"href":"https:\/\/zorluautomotive.com\/index.php\/wp-json\/wp\/v2\/media?parent=565"}],"wp:term":[{"taxonomy":"product_brand","embeddable":true,"href":"https:\/\/zorluautomotive.com\/index.php\/wp-json\/wp\/v2\/product_brand?post=565"},{"taxonomy":"product_cat","embeddable":true,"href":"https:\/\/zorluautomotive.com\/index.php\/wp-json\/wp\/v2\/product_cat?post=565"},{"taxonomy":"product_tag","embeddable":true,"href":"https:\/\/zorluautomotive.com\/index.php\/wp-json\/wp\/v2\/product_tag?post=565"}],"curies":[{"name":"wp","href":"https:\/\/api.w.org\/{rel}","templated":true}]}}