{"id":664,"date":"2023-03-20T14:10:51","date_gmt":"2023-03-20T14:10:51","guid":{"rendered":"https:\/\/www.zorluautomotive.com\/?post_type=product&#038;p=664"},"modified":"2025-09-28T14:38:07","modified_gmt":"2025-09-28T11:38:07","slug":"jawohl-profesyonel-kumas-doseme-tamir-seti","status":"publish","type":"product","link":"https:\/\/zorluautomotive.com\/index.php\/urun\/jawohl-profesyonel-kumas-doseme-tamir-seti\/","title":{"rendered":"Jawohl PRO Sigara Yan\u0131k Tamir Seti"},"content":{"rendered":"<p>\u26aa 15 adet t\u00fcm marka ve model Ara\u00e7 Ev ve Ofis d\u00f6\u015femelerine uyumlu \u00f6zel tasarlanm\u0131\u015f renk t\u00fcpleri.<\/p>\n<p>\u26aa 1 adet ta\u015f\u0131ma ve servis \u00e7antas\u0131.<\/p>\n<p>\u26aa 1 adet 5&#8217;li plastik spatula seti<\/p>\n<p>\u26aa 1 adet toz p\u00fcsk\u00fcrtme pompas\u0131.<\/p>\n<p>\u26aa 1 adet 250 ml sabitleyici ve so\u011futucu kuma\u015f fixleyici sprey.<\/p>\n<p>\u26aa 1 adet 100 cc b\u00fcy\u00fck boy dolgu macunu.<\/p>\n<p>\u26aa 1 adet Maket b\u0131\u00e7a\u011f\u0131.<\/p>\n<p>\u26aa Dolgu destekleyici kuma\u015f ve s\u00fcnger ekipmanlar\u0131.<\/p>\n<p>\u26aa 1 adet \u015f\u0131k\u015f\u0131k makas.<\/p>\n<p>&nbsp;<\/p>\n<p>&nbsp;<\/p>\n<h3>**Ekstra bedelsiz hediye \u00fcr\u00fcnler<\/h3>\n<p><strong>PRO SET<\/strong>\u00a0 i\u00e7eri\u011fi ile kullan\u0131ma ba\u011fl\u0131 olarak\u00a0 \u00a0<strong>180 &#8211; 250<\/strong> Adet\u00a0 <strong>yan\u0131k , y\u0131rt\u0131k , genel deforme onar\u0131m i\u015flemi yap\u0131lmaktad\u0131r.<\/strong><\/p>\n<p>Y\u00fcksek kazan\u00e7 sa\u011flayan , t\u00fcm kuma\u015f d\u00f6\u015feme ( ev , ofis , ara\u00e7 ) yap\u0131lar\u0131na uyumlu , herkesin kolayl\u0131kla uygulama yapabilece\u011fi , \u00f6zel olarak tasarlanm\u0131\u015f D\u00f6\u015feme Onar\u0131m Setlerimiz <strong>marka tescillidir<\/strong>.<\/p>\n<p>T\u00fcm Set al\u0131mlar\u0131nda ekibimiz taraf\u0131ndan \u00f6zel olarak haz\u0131rlanan <strong>genel e\u011fitim<\/strong> ve t\u00fcm a\u015famalar\u0131n detayl\u0131 olarak anlat\u0131ld\u0131\u011f\u0131 <strong>uygulama videolar\u0131<\/strong> g\u00f6nderilmektedir.<br \/>\nAyr\u0131ca destek almak istedi\u011finiz durumlarda \u015firket ve mobil hatlar\u0131m\u0131zdan bizleri arayabilir , WhatsApp \u00fczerinden g\u00f6r\u00fcnt\u00fcl\u00fc canl\u0131 destek alabilirsiniz..<br \/>\nT\u00fcrkiye&#8217;nin sekt\u00f6r\u00fcnde Marka Tescilli ve Patentli Tek Kurumsal Firmas\u0131 olarak hizmet vermekteyiz.<br \/>\nT\u00fcm hizmetlerimiz ve \u00fcr\u00fcnlerimiz <strong>Garantilidir.<\/strong><br \/>\nOtomotiv ve Teknoloji sekt\u00f6r\u00fcnde 1974 den beri <strong>50 y\u0131ld\u0131r<\/strong> aktif olarak hizmet veriyoruz.<\/p>\n<p>&nbsp;<\/p>\n","protected":false},"excerpt":{"rendered":"<p>Y\u00fcksek kazan\u00e7 sa\u011flayan , t\u00fcm kuma\u015f d\u00f6\u015feme ( ev , ofis , ara\u00e7 ) yap\u0131lar\u0131na uyumlu , herkesin kolayl\u0131kla uygulama yapabilece\u011fi , \u00f6zel olarak tasarlanm\u0131\u015f D\u00f6\u015feme Onar\u0131m Setimizdir.<\/p>\n","protected":false},"featured_media":1152,"template":"","meta":{"om_disable_all_campaigns":false},"product_brand":[],"product_cat":[15],"product_tag":[],"class_list":{"0":"post-664","1":"product","2":"type-product","3":"status-publish","4":"has-post-thumbnail","6":"product_cat-genel","8":"first","9":"instock","10":"taxable","11":"shipping-taxable","12":"product-type-simple"},"aioseo_notices":[],"_links":{"self":[{"href":"https:\/\/zorluautomotive.com\/index.php\/wp-json\/wp\/v2\/product\/664","targetHints":{"allow":["GET"]}}],"collection":[{"href":"https:\/\/zorluautomotive.com\/index.php\/wp-json\/wp\/v2\/product"}],"about":[{"href":"https:\/\/zorluautomotive.com\/index.php\/wp-json\/wp\/v2\/types\/product"}],"wp:featuredmedia":[{"embeddable":true,"href":"https:\/\/zorluautomotive.com\/index.php\/wp-json\/wp\/v2\/media\/1152"}],"wp:attachment":[{"href":"https:\/\/zorluautomotive.com\/index.php\/wp-json\/wp\/v2\/media?parent=664"}],"wp:term":[{"taxonomy":"product_brand","embeddable":true,"href":"https:\/\/zorluautomotive.com\/index.php\/wp-json\/wp\/v2\/product_brand?post=664"},{"taxonomy":"product_cat","embeddable":true,"href":"https:\/\/zorluautomotive.com\/index.php\/wp-json\/wp\/v2\/product_cat?post=664"},{"taxonomy":"product_tag","embeddable":true,"href":"https:\/\/zorluautomotive.com\/index.php\/wp-json\/wp\/v2\/product_tag?post=664"}],"curies":[{"name":"wp","href":"https:\/\/api.w.org\/{rel}","templated":true}]}}