{"id":733,"date":"2023-03-21T19:07:24","date_gmt":"2023-03-21T19:07:24","guid":{"rendered":"https:\/\/www.zorluautomotive.com\/?post_type=product&#038;p=733"},"modified":"2025-09-28T14:38:00","modified_gmt":"2025-09-28T11:38:00","slug":"jawohl-fixleyici-sprey","status":"publish","type":"product","link":"https:\/\/zorluautomotive.com\/index.php\/urun\/jawohl-fixleyici-sprey\/","title":{"rendered":"Jawohl Sigara Yan\u0131k Tamiri Fixleyici So\u011futucu Sprey"},"content":{"rendered":"<p>Kuma\u015f d\u00f6\u015femelerin onar\u0131m\u0131nda kullan\u0131lan \u00f6zel \u00fcretim JAWOHL fixleyici ve so\u011futucu sprey.<\/p>\n","protected":false},"excerpt":{"rendered":"<p>Kuma\u015f d\u00f6\u015femelerin onar\u0131m\u0131nda kullan\u0131lan \u00f6zel \u00fcretim JAWOHL fixleyici ve so\u011futucu sprey.<\/p>\n","protected":false},"featured_media":1145,"template":"","meta":{"om_disable_all_campaigns":false},"product_brand":[],"product_cat":[15],"product_tag":[],"class_list":{"0":"post-733","1":"product","2":"type-product","3":"status-publish","4":"has-post-thumbnail","6":"product_cat-genel","8":"first","9":"instock","10":"taxable","11":"shipping-taxable","12":"product-type-simple"},"aioseo_notices":[],"_links":{"self":[{"href":"https:\/\/zorluautomotive.com\/index.php\/wp-json\/wp\/v2\/product\/733","targetHints":{"allow":["GET"]}}],"collection":[{"href":"https:\/\/zorluautomotive.com\/index.php\/wp-json\/wp\/v2\/product"}],"about":[{"href":"https:\/\/zorluautomotive.com\/index.php\/wp-json\/wp\/v2\/types\/product"}],"wp:featuredmedia":[{"embeddable":true,"href":"https:\/\/zorluautomotive.com\/index.php\/wp-json\/wp\/v2\/media\/1145"}],"wp:attachment":[{"href":"https:\/\/zorluautomotive.com\/index.php\/wp-json\/wp\/v2\/media?parent=733"}],"wp:term":[{"taxonomy":"product_brand","embeddable":true,"href":"https:\/\/zorluautomotive.com\/index.php\/wp-json\/wp\/v2\/product_brand?post=733"},{"taxonomy":"product_cat","embeddable":true,"href":"https:\/\/zorluautomotive.com\/index.php\/wp-json\/wp\/v2\/product_cat?post=733"},{"taxonomy":"product_tag","embeddable":true,"href":"https:\/\/zorluautomotive.com\/index.php\/wp-json\/wp\/v2\/product_tag?post=733"}],"curies":[{"name":"wp","href":"https:\/\/api.w.org\/{rel}","templated":true}]}}