{"id":737,"date":"2023-07-21T19:22:32","date_gmt":"2023-07-21T19:22:32","guid":{"rendered":"https:\/\/www.zorluautomotive.com\/?post_type=product&#038;p=737"},"modified":"2025-09-28T13:43:05","modified_gmt":"2025-09-28T10:43:05","slug":"jawohl-flok-tozu-622","status":"publish","type":"product","link":"https:\/\/zorluautomotive.com\/index.php\/urun\/jawohl-flok-tozu-622\/","title":{"rendered":"Jawohl Kuma\u015f D\u00f6\u015feme Onar\u0131m Tozu"},"content":{"rendered":"<p>Kuma\u015f D\u00f6\u015femelerin onar\u0131m i\u015flemlerinde kullan\u0131lan \u00f6zel \u00fcretim Kuma\u015f Tozlar\u0131<\/p>\n","protected":false},"excerpt":{"rendered":"<p>Kuma\u015f D\u00f6\u015femelerin onar\u0131m i\u015flemlerinde kullan\u0131lan \u00f6zel \u00fcretim Kuma\u015f Tozlar\u0131<\/p>\n","protected":false},"featured_media":1128,"template":"","meta":{"om_disable_all_campaigns":false},"product_brand":[],"product_cat":[15],"product_tag":[],"class_list":{"0":"post-737","1":"product","2":"type-product","3":"status-publish","4":"has-post-thumbnail","6":"product_cat-genel","8":"first","9":"instock","10":"taxable","11":"shipping-taxable","12":"product-type-variable","13":"has-default-attributes"},"aioseo_notices":[],"_links":{"self":[{"href":"https:\/\/zorluautomotive.com\/index.php\/wp-json\/wp\/v2\/product\/737","targetHints":{"allow":["GET"]}}],"collection":[{"href":"https:\/\/zorluautomotive.com\/index.php\/wp-json\/wp\/v2\/product"}],"about":[{"href":"https:\/\/zorluautomotive.com\/index.php\/wp-json\/wp\/v2\/types\/product"}],"wp:featuredmedia":[{"embeddable":true,"href":"https:\/\/zorluautomotive.com\/index.php\/wp-json\/wp\/v2\/media\/1128"}],"wp:attachment":[{"href":"https:\/\/zorluautomotive.com\/index.php\/wp-json\/wp\/v2\/media?parent=737"}],"wp:term":[{"taxonomy":"product_brand","embeddable":true,"href":"https:\/\/zorluautomotive.com\/index.php\/wp-json\/wp\/v2\/product_brand?post=737"},{"taxonomy":"product_cat","embeddable":true,"href":"https:\/\/zorluautomotive.com\/index.php\/wp-json\/wp\/v2\/product_cat?post=737"},{"taxonomy":"product_tag","embeddable":true,"href":"https:\/\/zorluautomotive.com\/index.php\/wp-json\/wp\/v2\/product_tag?post=737"}],"curies":[{"name":"wp","href":"https:\/\/api.w.org\/{rel}","templated":true}]}}