{"id":784,"date":"2023-03-21T21:28:48","date_gmt":"2023-03-21T21:28:48","guid":{"rendered":"https:\/\/www.zorluautomotive.com\/?post_type=product&#038;p=784"},"modified":"2025-09-28T14:37:47","modified_gmt":"2025-09-28T11:37:47","slug":"jawohl-kumas-dolgu-macunu","status":"publish","type":"product","link":"https:\/\/zorluautomotive.com\/index.php\/urun\/jawohl-kumas-dolgu-macunu\/","title":{"rendered":"Jawohl Kuma\u015f D\u00f6\u015feme Onar\u0131m Dolgu Macunu"},"content":{"rendered":"<p>Kuma\u015f d\u00f6\u015femelerin onar\u0131m i\u015flemlerinde kullan\u0131lan dolgu macunu.<\/p>\n","protected":false},"excerpt":{"rendered":"<p>Kuma\u015f d\u00f6\u015femelerin onar\u0131m i\u015flemlerinde kullan\u0131lan dolgu macunu.<\/p>\n","protected":false},"featured_media":1146,"template":"","meta":{"om_disable_all_campaigns":false},"product_brand":[],"product_cat":[15],"product_tag":[],"class_list":{"0":"post-784","1":"product","2":"type-product","3":"status-publish","4":"has-post-thumbnail","6":"product_cat-genel","8":"first","9":"instock","10":"taxable","11":"shipping-taxable","12":"product-type-simple"},"aioseo_notices":[],"_links":{"self":[{"href":"https:\/\/zorluautomotive.com\/index.php\/wp-json\/wp\/v2\/product\/784","targetHints":{"allow":["GET"]}}],"collection":[{"href":"https:\/\/zorluautomotive.com\/index.php\/wp-json\/wp\/v2\/product"}],"about":[{"href":"https:\/\/zorluautomotive.com\/index.php\/wp-json\/wp\/v2\/types\/product"}],"wp:featuredmedia":[{"embeddable":true,"href":"https:\/\/zorluautomotive.com\/index.php\/wp-json\/wp\/v2\/media\/1146"}],"wp:attachment":[{"href":"https:\/\/zorluautomotive.com\/index.php\/wp-json\/wp\/v2\/media?parent=784"}],"wp:term":[{"taxonomy":"product_brand","embeddable":true,"href":"https:\/\/zorluautomotive.com\/index.php\/wp-json\/wp\/v2\/product_brand?post=784"},{"taxonomy":"product_cat","embeddable":true,"href":"https:\/\/zorluautomotive.com\/index.php\/wp-json\/wp\/v2\/product_cat?post=784"},{"taxonomy":"product_tag","embeddable":true,"href":"https:\/\/zorluautomotive.com\/index.php\/wp-json\/wp\/v2\/product_tag?post=784"}],"curies":[{"name":"wp","href":"https:\/\/api.w.org\/{rel}","templated":true}]}}