{"id":816,"date":"2023-03-22T09:03:14","date_gmt":"2023-03-22T09:03:14","guid":{"rendered":"https:\/\/www.zorluautomotive.com\/?post_type=product&#038;p=816"},"modified":"2025-09-28T14:37:29","modified_gmt":"2025-09-28T11:37:29","slug":"jawohl-deri-boyama-sonrasi-koruyucu-losyon","status":"publish","type":"product","link":"https:\/\/zorluautomotive.com\/index.php\/urun\/jawohl-deri-boyama-sonrasi-koruyucu-losyon\/","title":{"rendered":"Jawohl Deri D\u00f6\u015feme ve Direksiyon Boyama Sonras\u0131 Koruyucu Losyon"},"content":{"rendered":"<p>Deri boyama i\u015flemlerinden sonra boyan\u0131n y\u00fczeyde korunmas\u0131 i\u00e7in gerekli olan losyon.<\/p>\n","protected":false},"excerpt":{"rendered":"<p>Deri boyama i\u015flemlerinden sonra boyan\u0131n y\u00fczeyde korunmas\u0131 i\u00e7in gerekli olan losyon.<\/p>\n","protected":false},"featured_media":1135,"template":"","meta":{"om_disable_all_campaigns":false},"product_brand":[],"product_cat":[15],"product_tag":[],"class_list":{"0":"post-816","1":"product","2":"type-product","3":"status-publish","4":"has-post-thumbnail","6":"product_cat-genel","8":"first","9":"instock","10":"taxable","11":"shipping-taxable","12":"product-type-simple"},"aioseo_notices":[],"_links":{"self":[{"href":"https:\/\/zorluautomotive.com\/index.php\/wp-json\/wp\/v2\/product\/816","targetHints":{"allow":["GET"]}}],"collection":[{"href":"https:\/\/zorluautomotive.com\/index.php\/wp-json\/wp\/v2\/product"}],"about":[{"href":"https:\/\/zorluautomotive.com\/index.php\/wp-json\/wp\/v2\/types\/product"}],"wp:featuredmedia":[{"embeddable":true,"href":"https:\/\/zorluautomotive.com\/index.php\/wp-json\/wp\/v2\/media\/1135"}],"wp:attachment":[{"href":"https:\/\/zorluautomotive.com\/index.php\/wp-json\/wp\/v2\/media?parent=816"}],"wp:term":[{"taxonomy":"product_brand","embeddable":true,"href":"https:\/\/zorluautomotive.com\/index.php\/wp-json\/wp\/v2\/product_brand?post=816"},{"taxonomy":"product_cat","embeddable":true,"href":"https:\/\/zorluautomotive.com\/index.php\/wp-json\/wp\/v2\/product_cat?post=816"},{"taxonomy":"product_tag","embeddable":true,"href":"https:\/\/zorluautomotive.com\/index.php\/wp-json\/wp\/v2\/product_tag?post=816"}],"curies":[{"name":"wp","href":"https:\/\/api.w.org\/{rel}","templated":true}]}}