{"id":831,"date":"2023-03-22T11:42:45","date_gmt":"2023-03-22T11:42:45","guid":{"rendered":"https:\/\/www.zorluautomotive.com\/?post_type=product&#038;p=831"},"modified":"2025-09-28T14:36:47","modified_gmt":"2025-09-28T11:36:47","slug":"jawohl-maxi-plus-kumas-doseme-tamir-seti","status":"publish","type":"product","link":"https:\/\/zorluautomotive.com\/index.php\/urun\/jawohl-maxi-plus-kumas-doseme-tamir-seti\/","title":{"rendered":"MAX\u0130 PLUS Sigara Yan\u0131k Tamir Seti"},"content":{"rendered":"<p>\u26aa 25 adet t\u00fcm marka model ara\u00e7lara ve ofis , ev d\u00f6\u015femelerine uyumlu \u00f6zel \u00fcretilen renk t\u00fcpleri.<br \/>\n\u26aa 1 adet \u00e7oklu b\u00f6lmeli, derin hazneli, kilitli, ta\u015f\u0131ma aparatl\u0131, profesyonel servis ve tak\u0131m \u00e7antas\u0131.<br \/>\n\u26aa 2 adet 100+100 cc Jawohl \u00f6zel elastik kuma\u015f d\u00f6\u015feme dolgu macunu.<br \/>\n\u26aa 2 adet 500 ml sabitleyici ve so\u011futucu kuma\u015f fixleyici Jawohl b\u00fcy\u00fck boy sprey.<br \/>\n\u26aa 5&#8217;li 1.S\u0131n\u0131f ah\u015fap sapl\u0131 profesyonel metal spatula seti.<br \/>\n\u26aa 1 adet \u00f6zel \u00fcretim toz p\u00fcsk\u00fcrtme pompas\u0131.<br \/>\n\u26aa 1 adet maket b\u0131\u00e7a\u011f\u0131.<br \/>\n\u26aa 1 adet \u015f\u0131k\u015f\u0131k makas..<br \/>\n\u26aa 1 adet maskeleme ka\u011f\u0131t bant.<br \/>\n\u26aa Dolgu kuma\u015f ekipmanlar\u0131.<br \/>\n\u26aa 2 adet abeslang spatula.<br \/>\n\u26aa 1 adet toz kar\u0131\u015f\u0131m t\u00fcp\u00fc.<br \/>\n\u26aa 1 adet dolgu kar\u0131\u015f\u0131m tablas\u0131.<\/p>\n<h2>**Ekstra bedelsiz hediye \u00fcr\u00fcnler<\/h2>\n<h2><strong>MAX\u0130 PLUS SET<\/strong>\u00a0 i\u00e7eri\u011fi ile kullan\u0131ma ba\u011fl\u0131 olarak\u00a0 \u00a0<strong>350 &#8211; 390<\/strong> adet <strong>Yan\u0131k , Y\u0131rt\u0131k ve\u00a0 Genel Deforme onar\u0131m i\u015flemi yap\u0131lmaktad\u0131r. <\/strong><\/h2>\n<p>Y\u00fcksek kazan\u00e7 sa\u011flayan , t\u00fcm kuma\u015f d\u00f6\u015feme ( ev , ofis , ara\u00e7 ) yap\u0131lar\u0131na uyumlu , herkesin kolayl\u0131kla uygulama yapabilece\u011fi , \u00f6zel olarak tasarlanm\u0131\u015f D\u00f6\u015feme Onar\u0131m Setlerimiz M<strong>arka Tescillidir.<\/strong><\/p>\n<p>T\u00fcm Set al\u0131mlar\u0131nda ekibimiz taraf\u0131ndan \u00f6zel olarak haz\u0131rlanan <strong>genel e\u011fitim<\/strong> ve t\u00fcm a\u015famalar\u0131n detayl\u0131 olarak anlat\u0131ld\u0131\u011f\u0131 <strong>uygulama videolar\u0131<\/strong> g\u00f6nderilmektedir.<br \/>\nAyr\u0131ca destek almak istedi\u011finiz durumlarda \u015firket ve mobil hatlar\u0131m\u0131zdan bizleri arayabilir , WhatsApp \u00fczerinden g\u00f6r\u00fcnt\u00fcl\u00fc canl\u0131 destek alabilirsiniz..<br \/>\nT\u00fcrkiye&#8217;nin sekt\u00f6r\u00fcnde Marka Tescilli ve Patentli Tek Kurumsal Firmas\u0131 olarak hizmet vermekteyiz.<br \/>\nT\u00fcm hizmetlerimiz ve \u00fcr\u00fcnlerimiz <strong>Garantilidir.<\/strong><br \/>\nOtomotiv ve Teknoloji sekt\u00f6r\u00fcnde 1974 den beri <strong>50 y\u0131ld\u0131r<\/strong> aktif olarak hizmet veriyoruz.<\/p>\n","protected":false},"excerpt":{"rendered":"<p>Y\u00fcksek kazan\u00e7 sa\u011flayan , t\u00fcm kuma\u015f d\u00f6\u015feme ( ev , ofis , ara\u00e7 ) yap\u0131lar\u0131na uyumlu , herkesin kolayl\u0131kla uygulama yapabilece\u011fi , \u00f6zel olarak tasarlanm\u0131\u015f D\u00f6\u015feme Onar\u0131m Setimizdir.<\/p>\n","protected":false},"featured_media":1150,"template":"","meta":{"om_disable_all_campaigns":false},"product_brand":[],"product_cat":[15],"product_tag":[],"class_list":{"0":"post-831","1":"product","2":"type-product","3":"status-publish","4":"has-post-thumbnail","6":"product_cat-genel","8":"first","9":"instock","10":"taxable","11":"shipping-taxable","12":"product-type-simple"},"aioseo_notices":[],"_links":{"self":[{"href":"https:\/\/zorluautomotive.com\/index.php\/wp-json\/wp\/v2\/product\/831","targetHints":{"allow":["GET"]}}],"collection":[{"href":"https:\/\/zorluautomotive.com\/index.php\/wp-json\/wp\/v2\/product"}],"about":[{"href":"https:\/\/zorluautomotive.com\/index.php\/wp-json\/wp\/v2\/types\/product"}],"wp:featuredmedia":[{"embeddable":true,"href":"https:\/\/zorluautomotive.com\/index.php\/wp-json\/wp\/v2\/media\/1150"}],"wp:attachment":[{"href":"https:\/\/zorluautomotive.com\/index.php\/wp-json\/wp\/v2\/media?parent=831"}],"wp:term":[{"taxonomy":"product_brand","embeddable":true,"href":"https:\/\/zorluautomotive.com\/index.php\/wp-json\/wp\/v2\/product_brand?post=831"},{"taxonomy":"product_cat","embeddable":true,"href":"https:\/\/zorluautomotive.com\/index.php\/wp-json\/wp\/v2\/product_cat?post=831"},{"taxonomy":"product_tag","embeddable":true,"href":"https:\/\/zorluautomotive.com\/index.php\/wp-json\/wp\/v2\/product_tag?post=831"}],"curies":[{"name":"wp","href":"https:\/\/api.w.org\/{rel}","templated":true}]}}