{"id":835,"date":"2023-03-22T13:30:38","date_gmt":"2023-03-22T13:30:38","guid":{"rendered":"https:\/\/www.zorluautomotive.com\/?post_type=product&#038;p=835"},"modified":"2025-09-28T14:35:46","modified_gmt":"2025-09-28T11:35:46","slug":"jawohl-metal-spatula-takimi","status":"publish","type":"product","link":"https:\/\/zorluautomotive.com\/index.php\/urun\/jawohl-metal-spatula-takimi\/","title":{"rendered":"Profesyonel Ah\u015fap Sapl\u0131 Metal Spatula Seti"},"content":{"rendered":"<p>Kuma\u015f ve deri d\u00f6\u015feme onar\u0131mlar\u0131nda kullan\u0131lan ah\u015fap sapl\u0131 metal spatula tak\u0131m\u0131<\/p>\n","protected":false},"excerpt":{"rendered":"<p>Kuma\u015f ve deri d\u00f6\u015feme onar\u0131mlar\u0131nda kullan\u0131lan ah\u015fap sapl\u0131 metal spatula tak\u0131m\u0131<\/p>\n","protected":false},"featured_media":1147,"template":"","meta":{"om_disable_all_campaigns":false},"product_brand":[],"product_cat":[15],"product_tag":[],"class_list":{"0":"post-835","1":"product","2":"type-product","3":"status-publish","4":"has-post-thumbnail","6":"product_cat-genel","8":"first","9":"instock","10":"taxable","11":"shipping-taxable","12":"product-type-simple"},"aioseo_notices":[],"_links":{"self":[{"href":"https:\/\/zorluautomotive.com\/index.php\/wp-json\/wp\/v2\/product\/835","targetHints":{"allow":["GET"]}}],"collection":[{"href":"https:\/\/zorluautomotive.com\/index.php\/wp-json\/wp\/v2\/product"}],"about":[{"href":"https:\/\/zorluautomotive.com\/index.php\/wp-json\/wp\/v2\/types\/product"}],"wp:featuredmedia":[{"embeddable":true,"href":"https:\/\/zorluautomotive.com\/index.php\/wp-json\/wp\/v2\/media\/1147"}],"wp:attachment":[{"href":"https:\/\/zorluautomotive.com\/index.php\/wp-json\/wp\/v2\/media?parent=835"}],"wp:term":[{"taxonomy":"product_brand","embeddable":true,"href":"https:\/\/zorluautomotive.com\/index.php\/wp-json\/wp\/v2\/product_brand?post=835"},{"taxonomy":"product_cat","embeddable":true,"href":"https:\/\/zorluautomotive.com\/index.php\/wp-json\/wp\/v2\/product_cat?post=835"},{"taxonomy":"product_tag","embeddable":true,"href":"https:\/\/zorluautomotive.com\/index.php\/wp-json\/wp\/v2\/product_tag?post=835"}],"curies":[{"name":"wp","href":"https:\/\/api.w.org\/{rel}","templated":true}]}}