{"id":838,"date":"2023-03-22T14:36:18","date_gmt":"2023-03-22T14:36:18","guid":{"rendered":"https:\/\/www.zorluautomotive.com\/?post_type=product&#038;p=838"},"modified":"2025-09-28T14:36:18","modified_gmt":"2025-09-28T11:36:18","slug":"plkastik-tasima-cantasi","status":"publish","type":"product","link":"https:\/\/zorluautomotive.com\/index.php\/urun\/plkastik-tasima-cantasi\/","title":{"rendered":"Ta\u015f\u0131ma ve Servis \u00c7antalar\u0131"},"content":{"rendered":"<pre>PROFESYONEL TAKIM TA\u015eIMA ve SERV\u0130S \u00c7ANTASI<\/pre>\n","protected":false},"excerpt":{"rendered":"<p>PROFESYONEL TAKIM TA\u015eIMA ve SERV\u0130S \u00c7ANTASI<\/p>\n","protected":false},"featured_media":1151,"template":"","meta":{"om_disable_all_campaigns":false},"product_brand":[],"product_cat":[15],"product_tag":[],"class_list":{"0":"post-838","1":"product","2":"type-product","3":"status-publish","4":"has-post-thumbnail","6":"product_cat-genel","8":"first","9":"instock","10":"taxable","11":"shipping-taxable","12":"product-type-variable","13":"has-default-attributes"},"aioseo_notices":[],"_links":{"self":[{"href":"https:\/\/zorluautomotive.com\/index.php\/wp-json\/wp\/v2\/product\/838","targetHints":{"allow":["GET"]}}],"collection":[{"href":"https:\/\/zorluautomotive.com\/index.php\/wp-json\/wp\/v2\/product"}],"about":[{"href":"https:\/\/zorluautomotive.com\/index.php\/wp-json\/wp\/v2\/types\/product"}],"wp:featuredmedia":[{"embeddable":true,"href":"https:\/\/zorluautomotive.com\/index.php\/wp-json\/wp\/v2\/media\/1151"}],"wp:attachment":[{"href":"https:\/\/zorluautomotive.com\/index.php\/wp-json\/wp\/v2\/media?parent=838"}],"wp:term":[{"taxonomy":"product_brand","embeddable":true,"href":"https:\/\/zorluautomotive.com\/index.php\/wp-json\/wp\/v2\/product_brand?post=838"},{"taxonomy":"product_cat","embeddable":true,"href":"https:\/\/zorluautomotive.com\/index.php\/wp-json\/wp\/v2\/product_cat?post=838"},{"taxonomy":"product_tag","embeddable":true,"href":"https:\/\/zorluautomotive.com\/index.php\/wp-json\/wp\/v2\/product_tag?post=838"}],"curies":[{"name":"wp","href":"https:\/\/api.w.org\/{rel}","templated":true}]}}